{"id":171,"date":"2022-03-23T09:43:55","date_gmt":"2022-03-23T09:43:55","guid":{"rendered":"https:\/\/desarrollo.farmaceuticosdesevilla.es\/congresomehuer\/?page_id=171"},"modified":"2022-04-22T08:24:30","modified_gmt":"2022-04-22T08:24:30","slug":"reserva-hotelera","status":"publish","type":"page","link":"https:\/\/www.farmaceuticosdesevilla.es\/congreso\/reserva-hotelera\/","title":{"rendered":"Reserva hotelera"},"content":{"rendered":"<p><div class=\"fusion-fullwidth fullwidth-box fusion-builder-row-1 fusion-flex-container nonhundred-percent-fullwidth non-hundred-percent-height-scrolling\" style=\"--awb-border-radius-top-left:0px;--awb-border-radius-top-right:0px;--awb-border-radius-bottom-right:0px;--awb-border-radius-bottom-left:0px;--awb-flex-wrap:wrap;\" ><div class=\"fusion-builder-row fusion-row fusion-flex-align-items-flex-start fusion-flex-content-wrap\" style=\"max-width:1248px;margin-left: calc(-4% \/ 2 );margin-right: calc(-4% \/ 2 );\"><div class=\"fusion-layout-column fusion_builder_column fusion-builder-column-0 fusion_builder_column_1_1 1_1 fusion-flex-column\" style=\"--awb-bg-size:cover;--awb-width-large:100%;--awb-margin-top-large:0px;--awb-spacing-right-large:1.92%;--awb-margin-bottom-large:20px;--awb-spacing-left-large:1.92%;--awb-width-medium:100%;--awb-order-medium:0;--awb-spacing-right-medium:1.92%;--awb-spacing-left-medium:1.92%;--awb-width-small:100%;--awb-order-small:0;--awb-spacing-right-small:1.92%;--awb-spacing-left-small:1.92%;\"><div class=\"fusion-column-wrapper fusion-column-has-shadow fusion-flex-justify-content-flex-start fusion-content-layout-column\"><div class=\"fusion-title title fusion-title-1 fusion-sep-none fusion-title-center fusion-title-text fusion-title-size-two\" style=\"--awb-text-color:var(--awb-custom_color_3);--awb-margin-top-small:10px;--awb-margin-right-small:0px;--awb-margin-bottom-small:10px;--awb-margin-left-small:0px;--awb-font-size:60px;\"><h2 class=\"fusion-title-heading title-heading-center awb-gradient-text fusion-responsive-typography-calculated\" style=\"font-family:&quot;Roboto&quot;;font-style:normal;font-weight:700;margin:0;background-color:var(--awb-custom_color_3);background-image:linear-gradient(45deg, var(--awb-custom_color_3) 0%,var(--awb-custom_color_3) 100%);font-size:1em;--fontSize:60;line-height:1.1;\">RESERVA HOTELERA<\/h2><\/div><\/div><\/div><\/div><\/div><div class=\"fusion-fullwidth fullwidth-box fusion-builder-row-2 fusion-flex-container nonhundred-percent-fullwidth non-hundred-percent-height-scrolling\" style=\"--awb-border-radius-top-left:0px;--awb-border-radius-top-right:0px;--awb-border-radius-bottom-right:0px;--awb-border-radius-bottom-left:0px;--awb-margin-bottom:40px;--awb-flex-wrap:wrap;\" id=\"icongreso\" ><div class=\"fusion-builder-row fusion-row fusion-flex-align-items-flex-start fusion-flex-content-wrap\" style=\"max-width:1248px;margin-left: calc(-4% \/ 2 );margin-right: calc(-4% \/ 2 );\"><div class=\"fusion-layout-column fusion_builder_column fusion-builder-column-1 fusion_builder_column_1_1 1_1 fusion-flex-column\" style=\"--awb-bg-size:cover;--awb-width-large:100%;--awb-margin-top-large:0px;--awb-spacing-right-large:1.92%;--awb-margin-bottom-large:20px;--awb-spacing-left-large:1.92%;--awb-width-medium:100%;--awb-order-medium:0;--awb-spacing-right-medium:1.92%;--awb-spacing-left-medium:1.92%;--awb-width-small:100%;--awb-order-small:0;--awb-spacing-right-small:1.92%;--awb-spacing-left-small:1.92%;\"><div class=\"fusion-column-wrapper fusion-column-has-shadow fusion-flex-justify-content-flex-start fusion-content-layout-column\"><div class=\"fusion-title title fusion-title-2 fusion-sep-none fusion-title-center fusion-title-text fusion-title-size-three\" style=\"--awb-text-color:var(--awb-custom_color_3);--awb-margin-bottom:0px;--awb-margin-top-small:10px;--awb-margin-right-small:0px;--awb-margin-bottom-small:10px;--awb-margin-left-small:0px;--awb-font-size:30px;\"><h3 class=\"fusion-title-heading title-heading-center awb-gradient-text fusion-responsive-typography-calculated\" style=\"margin:0;background-color:var(--awb-custom_color_3);background-image:linear-gradient(45deg, var(--awb-custom_color_3) 0%,var(--awb-custom_color_3) 100%);font-size:1em;--fontSize:30;--minFontSize:30;line-height:1.1;\">DATOS PERSONALES<\/h3><\/div><div class=\"fusion-separator fusion-has-icon fusion-full-width-sep\" style=\"align-self: center;margin-left: auto;margin-right: auto;width:100%;\"><div class=\"fusion-separator-border sep-single sep-solid\" style=\"--awb-height:20px;--awb-amount:20px;--awb-sep-color:var(--awb-custom_color_3);border-color:var(--awb-custom_color_3);border-top-width:1px;\"><\/div><span class=\"icon-wrapper\" style=\"border-color:transparent;font-size:20px;width: 1.75em; height: 1.75em;border-width:1px;padding:1px;margin-top:-0.5px\"><i class=\"fa-angle-down fas\" style=\"font-size: inherit;color:var(--awb-custom_color_3);\" aria-hidden=\"true\"><\/i><\/span><div class=\"fusion-separator-border sep-single sep-solid\" style=\"--awb-height:20px;--awb-amount:20px;--awb-sep-color:var(--awb-custom_color_3);border-color:var(--awb-custom_color_3);border-top-width:1px;\"><\/div><\/div>\n<div class=\"wpcf7 no-js\" id=\"wpcf7-f193-o1\" lang=\"es-ES\" dir=\"ltr\" data-wpcf7-id=\"193\">\n<div class=\"screen-reader-response\"><p role=\"status\" aria-live=\"polite\" aria-atomic=\"true\"><\/p> <ul><\/ul><\/div>\n<form action=\"\/congreso\/wp-json\/wp\/v2\/pages\/171#wpcf7-f193-o1\" method=\"post\" class=\"wpcf7-form init\" aria-label=\"Formulario de contacto\" enctype=\"multipart\/form-data\" novalidate=\"novalidate\" data-status=\"init\">\n<fieldset class=\"hidden-fields-container\"><input type=\"hidden\" name=\"_wpcf7\" value=\"193\" \/><input type=\"hidden\" name=\"_wpcf7_version\" value=\"6.1.5\" \/><input type=\"hidden\" name=\"_wpcf7_locale\" value=\"es_ES\" \/><input type=\"hidden\" name=\"_wpcf7_unit_tag\" value=\"wpcf7-f193-o1\" \/><input type=\"hidden\" name=\"_wpcf7_container_post\" value=\"0\" \/><input type=\"hidden\" name=\"_wpcf7_posted_data_hash\" value=\"\" \/>\n<\/fieldset>\n<div class=\"col-lg-12 col-md-12 col-sm-12\"style=\"margin-top:20px;\">\n\t<div class=\"col-lg-4 col-md-4 col-sm-12\">\n\t\t<p><label> Nombre<br \/>\n<span class=\"wpcf7-form-control-wrap\" data-name=\"your-name\"><input size=\"40\" maxlength=\"400\" class=\"wpcf7-form-control wpcf7-text wpcf7-validates-as-required\" aria-required=\"true\" aria-invalid=\"false\" value=\"\" type=\"text\" name=\"your-name\" \/><\/span> <\/label>\n\t\t<\/p>\n\t<\/div>\n\t<div class=\"col-lg-4 col-md-4 col-sm-12\">\n\t\t<p><label> Apellido<br \/>\n<span class=\"wpcf7-form-control-wrap\" data-name=\"your-apellido\"><input size=\"40\" maxlength=\"400\" class=\"wpcf7-form-control wpcf7-text wpcf7-validates-as-required\" aria-required=\"true\" aria-invalid=\"false\" value=\"\" type=\"text\" name=\"your-apellido\" \/><\/span> <\/label>\n\t\t<\/p>\n\t<\/div>\n\t<div class=\"col-lg-4 col-md-4 col-sm-12\">\n\t\t<p><label> Direcci\u00f3n<br \/>\n<span class=\"wpcf7-form-control-wrap\" data-name=\"direccion\"><input size=\"40\" maxlength=\"400\" class=\"wpcf7-form-control wpcf7-text wpcf7-validates-as-required\" aria-required=\"true\" aria-invalid=\"false\" value=\"\" type=\"text\" name=\"direccion\" \/><\/span><\/label>\n\t\t<\/p>\n\t<\/div>\n<\/div>\n<div class=\"col-lg-12 col-md-12 col-sm-12\" style=\"margin-top:20px;\">\n\t<div class=\"col-lg-4 col-md-4 col-sm-12\">\n\t\t<p><label> C\u00f3digo postal<br \/>\n<span class=\"wpcf7-form-control-wrap\" data-name=\"codigopostal\"><input size=\"40\" maxlength=\"400\" class=\"wpcf7-form-control wpcf7-text wpcf7-validates-as-required\" aria-required=\"true\" aria-invalid=\"false\" value=\"\" type=\"text\" name=\"codigopostal\" \/><\/span><\/label>\n\t\t<\/p>\n\t<\/div>\n\t<div class=\"col-lg-4 col-md-4 col-sm-12\">\n\t\t<p><label> Localidad<br \/>\n<span class=\"wpcf7-form-control-wrap\" data-name=\"localidad\"><input size=\"40\" maxlength=\"400\" class=\"wpcf7-form-control wpcf7-text wpcf7-validates-as-required\" aria-required=\"true\" aria-invalid=\"false\" value=\"\" type=\"text\" name=\"localidad\" \/><\/span><\/label>\n\t\t<\/p>\n\t<\/div>\n\t<div class=\"col-lg-4 col-md-4 col-sm-12\">\n\t\t<p><label> Provincia<br \/>\n<span class=\"wpcf7-form-control-wrap\" data-name=\"provincia\"><input size=\"40\" maxlength=\"400\" class=\"wpcf7-form-control wpcf7-text wpcf7-validates-as-required\" aria-required=\"true\" aria-invalid=\"false\" value=\"\" type=\"text\" name=\"provincia\" \/><\/span><\/label>\n\t\t<\/p>\n\t<\/div>\n<\/div>\n<div class=\"col-lg-12 col-md-12 col-sm-12\" style=\"margin-top:20px;\">\n\t<div class=\"col-lg-3 col-md-3 col-sm-12\">\n\t\t<p><label> NIF<br \/>\n<span class=\"wpcf7-form-control-wrap\" data-name=\"nif\"><input size=\"40\" maxlength=\"400\" class=\"wpcf7-form-control wpcf7-text wpcf7-validates-as-required\" aria-required=\"true\" aria-invalid=\"false\" value=\"\" type=\"text\" name=\"nif\" \/><\/span><\/label>\n\t\t<\/p>\n\t<\/div>\n\t<div class=\"col-lg-3 col-md-3 col-sm-12\">\n\t\t<p><label> Tel\u00e9fono<br \/>\n<span class=\"wpcf7-form-control-wrap\" data-name=\"telefono\"><input size=\"40\" maxlength=\"400\" class=\"wpcf7-form-control wpcf7-tel wpcf7-validates-as-required wpcf7-text wpcf7-validates-as-tel\" aria-required=\"true\" aria-invalid=\"false\" value=\"\" type=\"tel\" name=\"telefono\" \/><\/span><\/label>\n\t\t<\/p>\n\t<\/div>\n\t<div class=\"col-lg-3 col-md-3 col-sm-12\">\n\t\t<p><label> FAX<br \/>\n<span class=\"wpcf7-form-control-wrap\" data-name=\"fax\"><input size=\"40\" maxlength=\"400\" class=\"wpcf7-form-control wpcf7-tel wpcf7-text wpcf7-validates-as-tel\" aria-invalid=\"false\" value=\"\" type=\"tel\" name=\"fax\" \/><\/span><\/label>\n\t\t<\/p>\n\t<\/div>\n\t<div class=\"col-lg-3 col-md-3 col-sm-12\">\n\t\t<p><label> Correo electr\u00f3nico<br \/>\n<span class=\"wpcf7-form-control-wrap\" data-name=\"email\"><input size=\"40\" maxlength=\"400\" class=\"wpcf7-form-control wpcf7-email wpcf7-validates-as-required wpcf7-text wpcf7-validates-as-email\" aria-required=\"true\" aria-invalid=\"false\" value=\"\" type=\"email\" name=\"email\" \/><\/span><\/label>\n\t\t<\/p>\n\t<\/div>\n\t<div class=\"col-lg-12 col-md-12 col-sm-12\" style=\"margin-top:20px;\">\n\t\t<p><b>\u00bfNECESITAS FACTURA?<\/b> (En afirmativo, ser\u00e1 obligatorio cumplimentar el siguiente apartado)\n\t\t<\/p>\n\t\t<p><span class=\"wpcf7-form-control-wrap\" data-name=\"your-invoice\"><span class=\"wpcf7-form-control wpcf7-radio\"><span class=\"wpcf7-list-item first\"><label><input type=\"radio\" name=\"your-invoice\" value=\"No\" checked=\"checked\" \/><span class=\"wpcf7-list-item-label\">No<\/span><\/label><\/span><span class=\"wpcf7-list-item last\"><label><input type=\"radio\" name=\"your-invoice\" value=\"S\u00ed\" \/><span class=\"wpcf7-list-item-label\">S\u00ed<\/span><\/label><\/span><\/span><\/span>\n\t\t<\/p>\n\t<\/div>\n\t<p>[group group-factura clear_on_hide]\n\t<\/p>\n\t<div class=\"col-lg-4 col-md-4 col-sm-12\" style=\"margin-top:20px;\">\n\t\t<p><label>Raz\u00f3n social<br \/>\n<span class=\"wpcf7-form-control-wrap\" data-name=\"your-invoicename\"><input size=\"40\" maxlength=\"400\" class=\"wpcf7-form-control wpcf7-text\" aria-invalid=\"false\" value=\"\" type=\"text\" name=\"your-invoicename\" \/><\/span><\/label>\n\t\t<\/p>\n\t<\/div>\n\t<div class=\"col-lg-4 col-md-4 col-sm-12\" style=\"margin-top:20px;\">\n\t\t<p><label>Direcci\u00f3n<br \/>\n<span class=\"wpcf7-form-control-wrap\" data-name=\"your-invoiceaddress\"><input size=\"40\" maxlength=\"400\" class=\"wpcf7-form-control wpcf7-text\" aria-invalid=\"false\" value=\"\" type=\"text\" name=\"your-invoiceaddress\" \/><\/span><\/label>\n\t\t<\/p>\n\t<\/div>\n\t<div class=\"col-lg-4 col-md-4 col-sm-12\" style=\"margin-top:20px;\">\n\t\t<p><label>C\u00f3digo Postal<br \/>\n<span class=\"wpcf7-form-control-wrap\" data-name=\"your-invoicepc\"><input size=\"40\" maxlength=\"400\" class=\"wpcf7-form-control wpcf7-text\" aria-invalid=\"false\" value=\"\" type=\"text\" name=\"your-invoicepc\" \/><\/span><\/label>\n\t\t<\/p>\n\t<\/div>\n\t<div class=\"col-lg-4 col-md-4 col-sm-12\" style=\"margin-top:20px;\">\n\t\t<p><label>Localdiad<br \/>\n<span class=\"wpcf7-form-control-wrap\" data-name=\"your-invoicecity\"><input size=\"40\" maxlength=\"400\" class=\"wpcf7-form-control wpcf7-text\" aria-invalid=\"false\" value=\"\" type=\"text\" name=\"your-invoicecity\" \/><\/span><\/label>\n\t\t<\/p>\n\t<\/div>\n\t<div class=\"col-lg-4 col-md-4 col-sm-12\" style=\"margin-top:20px;\">\n\t\t<p><label>Provincia<br \/>\n<span class=\"wpcf7-form-control-wrap\" data-name=\"your-invoiceprovince\"><input size=\"40\" maxlength=\"400\" class=\"wpcf7-form-control wpcf7-text\" aria-invalid=\"false\" value=\"\" type=\"text\" name=\"your-invoiceprovince\" \/><\/span><\/label>\n\t\t<\/p>\n\t<\/div>\n\t<div class=\"col-lg-4 col-md-4 col-sm-12\" style=\"margin-top:20px;\">\n\t\t<p><label>CIF<br \/>\n<span class=\"wpcf7-form-control-wrap\" data-name=\"your-invoicecif\"><input size=\"40\" maxlength=\"400\" class=\"wpcf7-form-control wpcf7-text\" aria-invalid=\"false\" value=\"\" type=\"text\" name=\"your-invoicecif\" \/><\/span><\/label>\n\t\t<\/p>\n\t<\/div>\n\t<div class=\"col-lg-4 col-md-4 col-sm-12\" style=\"margin-top:20px;\">\n\t\t<p><label> Tel\u00e9fono<br \/>\n<span class=\"wpcf7-form-control-wrap\" data-name=\"your-invoicetel\"><input size=\"40\" maxlength=\"400\" class=\"wpcf7-form-control wpcf7-tel wpcf7-text wpcf7-validates-as-tel\" aria-invalid=\"false\" value=\"\" type=\"tel\" name=\"your-invoicetel\" \/><\/span> <\/label>\n\t\t<\/p>\n\t<\/div>\n\t<div class=\"col-lg-4 col-md-4 col-sm-12\" style=\"margin-top:20px;\">\n\t\t<p><label> Fax<br \/>\n<span class=\"wpcf7-form-control-wrap\" data-name=\"your-invoicefax\"><input size=\"40\" maxlength=\"400\" class=\"wpcf7-form-control wpcf7-tel wpcf7-text wpcf7-validates-as-tel\" aria-invalid=\"false\" value=\"\" type=\"tel\" name=\"your-invoicefax\" \/><\/span> <\/label>\n\t\t<\/p>\n\t<\/div>\n\t<div class=\"col-lg-4 col-md-4 col-sm-12\" style=\"margin-top:20px;\">\n\t\t<p><label>Correo Electr\u00f3nico<br \/>\n<span class=\"wpcf7-form-control-wrap\" data-name=\"your-invoicemail\"><input size=\"40\" maxlength=\"400\" class=\"wpcf7-form-control wpcf7-email wpcf7-text wpcf7-validates-as-email\" aria-invalid=\"false\" value=\"\" type=\"email\" name=\"your-invoicemail\" \/><\/span><\/label>\n\t\t<\/p>\n\t<\/div>\n<\/div>\n<p>[\/group]\n<\/p>\n<div class=\"col-lg-12 col-md-12 col-sm-12\"style=\"margin-top:20px;\">\n\t<p><b> FORMA DE PAGO*<\/b><br \/>\n<span class=\"wpcf7-form-control-wrap\" data-name=\"transferencia\"><span class=\"wpcf7-form-control wpcf7-radio\"><span class=\"wpcf7-list-item first last\"><label><input type=\"radio\" name=\"transferencia\" value=\"Transferencia bancaria a Caixabank con concepto: X Congreso MHER (imprescindible indicar adem\u00e1s el nombre del congresista)\" checked=\"checked\" \/><span class=\"wpcf7-list-item-label\">Transferencia bancaria a Caixabank con concepto: X Congreso MHER (imprescindible indicar adem\u00e1s el nombre del congresista)<\/span><\/label><\/span><\/span><\/span>\n\t<\/p>\n\t<p style=\"margin-left:25px;\"> N\u00ba de cuenta: ES18 2100 7131 90 2201073499<br \/>\nSWIFT CODE (BIC): CAIXESBBXXX\n\t<\/p>\n<\/div>\n<div class=\"col-lg-12 col-md-12 col-sm-12\"style=\"margin-top:20px;\">\n\t<p><label>Comprobante de transferencia*<br \/>\n<span class=\"wpcf7-form-control-wrap\" data-name=\"comprobante\"><input size=\"40\" class=\"wpcf7-form-control wpcf7-file wpcf7-validates-as-required\" accept=\".png,.jpg,.pdf\" aria-required=\"true\" aria-invalid=\"false\" type=\"file\" name=\"comprobante\" \/><\/span><\/label>\n\t<\/p>\n<\/div>\n<div class=\"col-lg-12 col-md-12 col-sm-12\" style=\"margin-top:20px;\">\n\t<p><b>HOTEL<\/b><br \/>\nPara todas aquellas personas que acudan al X Congreso Internacional de Enfermedades Raras y Medicamentos Hu\u00e9rfanos y necesiten alojamiento hotelero, desde la organizaci\u00f3n de este encuentro les recomendamos hacer la reserva en el hotel Meli\u00e1 Los Lebreros, ya que es la propia sede del congreso y nos ofrece precios en condiciones especiales.\n\t<\/p>\n\t<table>\n\t\t<thead style=\"margin:10px; background:#6fb636; color:white; padding:10px;\">\n\t\t\t<tr>\n\t\t\t\t<th>\n\t\t\t\t\t<p>Hoteles\n\t\t\t\t\t<\/p>\n\t\t\t\t<\/th>\n\t\t\t\t<th>\n\t\t\t\t\t<p>Doble<br \/>\nuso ind.\n\t\t\t\t\t<\/p>\n\t\t\t\t<\/th>\n\t\t\t\t<th>\n\t\t\t\t\t<p>Doble\n\t\t\t\t\t<\/p>\n\t\t\t\t<\/th>\n\t\t\t\t<th>\n\t\t\t\t\t<p>R\u00e9gimen\n\t\t\t\t\t<\/p>\n\t\t\t\t<\/th>\n\t\t\t<\/tr>\n\t\t<\/thead>\n\t\t<tbody>\n\t\t\t<tr>\n\t\t\t\t<td>\n\t\t\t\t\t<p>MELI\u00c1 LOS LEBREROS ****\n\t\t\t\t\t<\/p>\n\t\t\t\t<\/td>\n\t\t\t\t<td>\n\t\t\t\t\t<p>125\u20ac\n\t\t\t\t\t<\/p>\n\t\t\t\t<\/td>\n\t\t\t\t<td>\n\t\t\t\t\t<p>135\u20ac\n\t\t\t\t\t<\/p>\n\t\t\t\t<\/td>\n\t\t\t\t<td>\n\t\t\t\t\t<p>Alojamiento y desayuno\n\t\t\t\t\t<\/p>\n\t\t\t\t<\/td>\n\t\t\t<\/tr>\n\t\t<\/tbody>\n\t<\/table>\n\t<p>Los precios indicados son por habitaci\u00f3n\/noche y seg\u00fan disponibilidad (IVA incluido).<br \/>\nLas tarifas de habitaciones ser\u00e1n vigentes del 25 al 28 de abril de 2022 (inclusive) y exclusivamente para el evento.\n\t<\/p>\n<\/div>\n<div>\n\t<p><b>\u00bfQuieres reservar habitaci\u00f3n?:*<\/b><br \/>\n<span class=\"wpcf7-form-control-wrap\" data-name=\"reserva\"><select class=\"wpcf7-form-control wpcf7-select wpcf7-validates-as-required\" aria-required=\"true\" aria-invalid=\"false\" name=\"reserva\"><option value=\"\">&#8212;Por favor, elige una opci\u00f3n&#8212;<\/option><option value=\"No--0\">No--0<\/option><option value=\"S\u00ed--1\">S\u00ed--1<\/option><\/select><\/span><br \/>\n[group group-hotel]\n\t<\/p>\n\t<div class=\"col-lg-12 col-md-12 col-sm-12\" style=\"margin-top:20px;\">\n\t\t<div class=\"col-lg-3 col-md-3 col-sm-12\">\n\t\t\t<p><label>Tipo de habitaci\u00f3n<\/label><br \/>\n<span class=\"wpcf7-form-control-wrap\" data-name=\"habitaciones\"><select class=\"wpcf7-form-control wpcf7-select wpcf7-validates-as-required\" aria-required=\"true\" aria-invalid=\"false\" name=\"habitaciones\"><option value=\"\">&#8212;Por favor, elige una opci\u00f3n&#8212;<\/option><option value=\"Individual--125\">Individual--125<\/option><option value=\"Doble--135\">Doble--135<\/option><\/select><\/span>\n\t\t\t<\/p>\n\t\t<\/div>\n\t\t<div class=\"col-lg-3 col-md-3 col-sm-12\">\n\t\t\t<p><label>D\u00eda de entrada<br \/>\n<span class=\"wpcf7-form-control-wrap\" data-name=\"fechaentrada\"><input class=\"wpcf7-form-control wpcf7-date wpcf7-validates-as-required wpcf7-validates-as-date\" min=\"2022-04-25\" max=\"2022-04-27\" aria-required=\"true\" aria-invalid=\"false\" value=\"\" type=\"date\" name=\"fechaentrada\" \/><\/span><\/label>\n\t\t\t<\/p>\n\t\t<\/div>\n\t\t<div class=\"col-lg-3 col-md-3 col-sm-12\">\n\t\t\t<p><label>D\u00eda de salida<\/label><br \/>\n<span class=\"wpcf7-form-control-wrap\" data-name=\"fechasalida\"><input class=\"wpcf7-form-control wpcf7-date wpcf7-validates-as-required wpcf7-validates-as-date\" min=\"2022-04-26\" max=\"2022-04-28\" aria-required=\"true\" aria-invalid=\"false\" value=\"\" type=\"date\" name=\"fechasalida\" \/><\/span>\n\t\t\t<\/p>\n\t\t<\/div>\n\t\t<div class=\"col-lg-3 col-md-3 col-sm-12\">\n\t\t\t<p><label>N\u00famero de noches<br \/>\n<span class=\"wpcf7-form-control-wrap\" data-name=\"noches\"><input class=\"wpcf7-form-control wpcf7-number wpcf7-validates-as-required wpcf7-validates-as-number\" min=\"1\" max=\"4\" aria-required=\"true\" aria-invalid=\"false\" value=\"\" type=\"number\" name=\"noches\" \/><\/span><\/label>\n\t\t\t<\/p>\n\t\t<\/div>\n\t<\/div>\n\t<div class=\"col-lg-12 col-md-12 col-sm-12\" style=\"margin-top:20px;\">\n\t\t<p><label>Importe total<br \/>\n<span class=\"wpcf7-form-control-wrap total\"><input class=\"wpcf7-form-control wpcf7-calculator wpcf7-validates-as-calculator occf7cal-total\" readonly=\"readonly\" value=\"0\" type=\"text\" name=\"total\" precision=\"0\" data-formulas=\"habitaciones*noches\" \/><\/span><\/label>\n\t\t<\/p>\n\t<\/div>\n\t<div class=\"col-lg-12 col-md-12 col-sm-12\" style=\"margin-top:20px;\">\n\t\t<div class=\"col-lg-3 col-md-3 col-sm-12\">\n\t\t\t<p><label> Hora de llegada*<br \/>\n<span class=\"wpcf7-form-control-wrap\" data-name=\"hora\"><input size=\"40\" maxlength=\"400\" class=\"wpcf7-form-control wpcf7-text wpcf7-validates-as-required walcf7-timepicker\" aria-required=\"true\" aria-invalid=\"false\" value=\"\" type=\"text\" name=\"hora\" \/><\/span><\/label>\n\t\t\t<\/p>\n\t\t<\/div>\n\t\t<div class=\"col-lg-3 col-md-3 col-sm-12\">\n\t\t\t<p><label> DNI\/ Pasaporte<br \/>\n<span class=\"wpcf7-form-control-wrap\" data-name=\"dni\"><input size=\"40\" maxlength=\"400\" class=\"wpcf7-form-control wpcf7-text wpcf7-validates-as-required\" aria-required=\"true\" aria-invalid=\"false\" value=\"\" type=\"text\" name=\"dni\" \/><\/span><\/label>\n\t\t\t<\/p>\n\t\t<\/div>\n\t\t<div class=\"col-lg-3 col-md-3 col-sm-12\">\n\t\t\t<p><label>Fecha expedici\u00f3n DNI\/Pasaporte*<br \/>\n<span class=\"wpcf7-form-control-wrap\" data-name=\"expedicion\"><input class=\"wpcf7-form-control wpcf7-date wpcf7-validates-as-required wpcf7-validates-as-date\" min=\"2022-04-28\" aria-required=\"true\" aria-invalid=\"false\" value=\"\" type=\"date\" name=\"expedicion\" \/><\/span><\/label>\n\t\t\t<\/p>\n\t\t<\/div>\n\t\t<div class=\"col-lg-3 col-md-3 col-sm-12\">\n\t\t\t<p><label>Fecha nacimiento*<br \/>\n<span class=\"wpcf7-form-control-wrap\" data-name=\"nacimiento\"><input class=\"wpcf7-form-control wpcf7-date wpcf7-validates-as-required wpcf7-validates-as-date\" aria-required=\"true\" aria-invalid=\"false\" value=\"\" type=\"date\" name=\"nacimiento\" \/><\/span><\/label>\n\t\t\t<\/p>\n\t\t<\/div>\n\t<\/div>\n\t<p>[\/group]\n\t<\/p>\n<\/div>\n<div class=\"col-lg-12 col-md-12 col-sm-12\" style=\"margin-top:20px;\">\n\t<p><b>IMPORTANTE<\/b><br \/>\nLas reservas hoteleras deber\u00e1n realizarse hasta el 11 de abril de 2022.<br \/>\nNo habr\u00e1 devoluci\u00f3n de reservas de hotel anuladas a partir del 12 de abril de 2022.<br \/>\nNo se confirmar\u00e1 ninguna reserva sin la recepci\u00f3n del correspondiente justificante de pago. Para la emisi\u00f3n de la factura, el bolet\u00edn deber\u00e1 estar perfectamente cumplimentado.<br \/>\nSi tiene alguna duda o consulta, p\u00f3ngase en contacto con la Secretar\u00eda T\u00e9cnica (Becoex) en el tel\u00e9fono 954 644 164 o en el mail <a href=\"congresomher2022@gmail.com\">congresomher2022@gmail.com.<\/a>\n\t<\/p>\n<\/div>\n<div class=\"col-lg-12 col-md-12 col-sm-12\" style=\"margin-top:20px;\">\n\t<p><b>OBSERVACIONES<\/b><br \/>\nSi requiere alguna atenci\u00f3n especial o hay algo que podamos hacer para facilitar su estancia, por favor ind\u00edquenoslo: (Dietas, etc.)\n\t<\/p>\n\t<div class=\"col-lg-6 col-md-6 col-sm-12\"\n<span class=\"wpcf7-form-control-wrap\" data-name=\"textarea-484\"><textarea cols=\"40\" rows=\"10\" maxlength=\"2000\" class=\"wpcf7-form-control wpcf7-textarea\" aria-invalid=\"false\" name=\"textarea-484\"><\/textarea><\/span>\n\t<\/div>\n<\/div>\n<div class=\"col-lg-12 col-md-12 col-sm-12\"style=\"margin:10px;\">\n\t<p><span class=\"wpcf7-form-control-wrap\" data-name=\"acceptance-73\"><span class=\"wpcf7-form-control wpcf7-acceptance\"><span class=\"wpcf7-list-item\"><label><input type=\"checkbox\" name=\"acceptance-73\" value=\"1\" aria-invalid=\"false\" \/><span class=\"wpcf7-list-item-label\"><strong> He le\u00eddo y acepto la<\/strong> <a href=\"https:\/\/www.farmaceuticosdesevilla.es\/politica-privacidad\/\"><strong>Pol\u00edtica de Privacidad*<\/strong><\/a><\/span><\/label><\/span><\/span><\/span>\n\t<\/p>\n\t<p>Informaci\u00f3n sobre protecci\u00f3n de datos:<br \/>\n-Responsable:<br \/>\nREAL E ILUSTRE COLEGIO OFICIAL DE FARMAC\u00c9UTICOS DE SEVILLA.<br \/>\n-Finalidad:<br \/>\nGesti\u00f3n de la solicitud por parte del usuario y tramitaci\u00f3n de inscripciones al X Congreso Internacional de Medicamentos Hu\u00e9rfanos y Enfermedades Raras.<br \/>\nGesti\u00f3n del env\u00edo de informaci\u00f3n solicitada por el usuario.<br \/>\nCaptaci\u00f3n de im\u00e1genes y\/o v\u00eddeo para la realizaci\u00f3n y difusi\u00f3n de materiales audiovisuales.<br \/>\n-Legitimaci\u00f3n:<br \/>\nConsentimiento del interesado<br \/>\n-Destinatarios:<br \/>\nAdministraciones y organismos p\u00fablicos para el cumplimiento de obligaciones directamente exigibles a REAL E ILUSTRE COLEGIO OFICIAL DE FARMAC\u00c9UTICOS DE SEVILLA.<br \/>\n-Derechos:<br \/>\nAcceder, Rectificar y Suprimir los Datos, as\u00ed como otros derechos, como se explica en la Informaci\u00f3n Adicional.<br \/>\nInformaci\u00f3n adicional<br \/>\nConsulte la Informaci\u00f3n Adicional y detallada sobre Protecci\u00f3n de Datos pinchando aqu\u00ed<br \/>\n(*) Campos requeridos<br \/>\nSi tiene alg\u00fan problema con el env\u00edo, por favor, p\u00f3ngase en contacto con la Secretar\u00eda T\u00e9cnica (Becoex) en el tel\u00e9fono 954 644 164 o en el mail<a href=\"mailto:congresomher2022@gmail.com\"> congresomher2022@gmail.com.<\/a>\n\t<\/p>\n<\/div>\n<div class=\"col-lg-12 col-md-12 col-sm-12\"style=\"margin:10px;\">\n\t<p><input class=\"wpcf7-form-control wpcf7-submit has-spinner\" type=\"submit\" value=\"Enviar\" \/>\n\t<\/p>\n<\/div><div class=\"fusion-alert alert custom alert-custom fusion-alert-center wpcf7-response-output awb-alert-native-link-color alert-dismissable awb-alert-close-boxed\" style=\"--awb-border-size:1px;--awb-border-top-left-radius:0px;--awb-border-top-right-radius:0px;--awb-border-bottom-left-radius:0px;--awb-border-bottom-right-radius:0px;\" role=\"alert\"><div class=\"fusion-alert-content-wrapper\"><span class=\"fusion-alert-content\"><\/span><\/div><button type=\"button\" class=\"close toggle-alert\" data-dismiss=\"alert\" aria-label=\"Close\">&times;<\/button><\/div>\n<\/form>\n<\/div>\n<\/div><\/div><\/div><\/div><\/p>\n","protected":false},"excerpt":{"rendered":"","protected":false},"author":45,"featured_media":0,"parent":0,"menu_order":0,"comment_status":"closed","ping_status":"closed","template":"","meta":{"footnotes":""},"class_list":["post-171","page","type-page","status-publish","hentry"],"_links":{"self":[{"href":"https:\/\/www.farmaceuticosdesevilla.es\/congreso\/wp-json\/wp\/v2\/pages\/171","targetHints":{"allow":["GET"]}}],"collection":[{"href":"https:\/\/www.farmaceuticosdesevilla.es\/congreso\/wp-json\/wp\/v2\/pages"}],"about":[{"href":"https:\/\/www.farmaceuticosdesevilla.es\/congreso\/wp-json\/wp\/v2\/types\/page"}],"author":[{"embeddable":true,"href":"https:\/\/www.farmaceuticosdesevilla.es\/congreso\/wp-json\/wp\/v2\/users\/45"}],"replies":[{"embeddable":true,"href":"https:\/\/www.farmaceuticosdesevilla.es\/congreso\/wp-json\/wp\/v2\/comments?post=171"}],"version-history":[{"count":4,"href":"https:\/\/www.farmaceuticosdesevilla.es\/congreso\/wp-json\/wp\/v2\/pages\/171\/revisions"}],"predecessor-version":[{"id":310,"href":"https:\/\/www.farmaceuticosdesevilla.es\/congreso\/wp-json\/wp\/v2\/pages\/171\/revisions\/310"}],"wp:attachment":[{"href":"https:\/\/www.farmaceuticosdesevilla.es\/congreso\/wp-json\/wp\/v2\/media?parent=171"}],"curies":[{"name":"wp","href":"https:\/\/api.w.org\/{rel}","templated":true}]}}