{"id":26,"date":"2022-03-22T13:35:38","date_gmt":"2022-03-22T13:35:38","guid":{"rendered":"https:\/\/desarrollo.farmaceuticosdesevilla.es\/congresomehuer\/?page_id=26"},"modified":"2022-06-27T14:34:51","modified_gmt":"2022-06-27T14:34:51","slug":"congreso-internacional-de-medicamentos-huerfanos-y-enfermedades-raras","status":"publish","type":"page","link":"https:\/\/www.farmaceuticosdesevilla.es\/congreso\/","title":{"rendered":"Congreso Internacional de Medicamentos Hu\u00e9rfanos y Enfermedades Raras"},"content":{"rendered":"<p><div class=\"fusion-fullwidth fullwidth-box fusion-builder-row-1 fusion-flex-container nonhundred-percent-fullwidth non-hundred-percent-height-scrolling\" style=\"--awb-border-radius-top-left:0px;--awb-border-radius-top-right:0px;--awb-border-radius-bottom-right:0px;--awb-border-radius-bottom-left:0px;--awb-padding-top:10px;--awb-padding-right:20px;--awb-padding-bottom:10px;--awb-padding-left:20px;--awb-margin-bottom:40px;--awb-background-color:#f1f1f1;--awb-flex-wrap:wrap;\" id=\"presentacion\" ><div class=\"fusion-builder-row fusion-row fusion-flex-align-items-center fusion-flex-justify-content-center fusion-flex-content-wrap\" style=\"max-width:1248px;margin-left: calc(-4% \/ 2 );margin-right: calc(-4% \/ 2 );\"><div class=\"fusion-layout-column fusion_builder_column fusion-builder-column-0 fusion_builder_column_1_3 1_3 fusion-flex-column\" style=\"--awb-padding-top:0px;--awb-padding-bottom:0px;--awb-bg-size:cover;--awb-width-large:33.333333333333%;--awb-margin-top-large:0px;--awb-spacing-right-large:5.76%;--awb-margin-bottom-large:0px;--awb-spacing-left-large:5.76%;--awb-width-medium:33.333333333333%;--awb-order-medium:0;--awb-spacing-right-medium:5.76%;--awb-spacing-left-medium:5.76%;--awb-width-small:100%;--awb-order-small:0;--awb-spacing-right-small:1.92%;--awb-spacing-left-small:1.92%;\"><div class=\"fusion-column-wrapper fusion-column-has-shadow fusion-flex-justify-content-flex-start fusion-content-layout-column\"><div class=\"fusion-image-element \" style=\"text-align:center;--awb-margin-top:0px;--awb-margin-bottom:0px;--awb-max-width:100%;--awb-caption-title-font-family:var(--h2_typography-font-family);--awb-caption-title-font-weight:var(--h2_typography-font-weight);--awb-caption-title-font-style:var(--h2_typography-font-style);--awb-caption-title-size:var(--h2_typography-font-size);--awb-caption-title-transform:var(--h2_typography-text-transform);--awb-caption-title-line-height:var(--h2_typography-line-height);--awb-caption-title-letter-spacing:var(--h2_typography-letter-spacing);\"><span class=\" fusion-imageframe imageframe-none imageframe-1 hover-type-none\" style=\"border-radius:50%;\"><img decoding=\"async\" width=\"150\" height=\"150\" title=\"presidente2\" src=\"https:\/\/www.farmaceuticosdesevilla.es\/congreso\/wp-content\/uploads\/sites\/4\/2022\/04\/presidente2.png?_t=1650618093\" alt class=\"img-responsive wp-image-326\" srcset=\"https:\/\/www.farmaceuticosdesevilla.es\/congreso\/wp-content\/uploads\/sites\/4\/2022\/04\/presidente2-66x66.png 66w, https:\/\/www.farmaceuticosdesevilla.es\/congreso\/wp-content\/uploads\/sites\/4\/2022\/04\/presidente2.png 150w\" sizes=\"(max-width: 150px) 100vw, 150px\" \/><\/span><\/div><\/div><\/div><div class=\"fusion-layout-column fusion_builder_column fusion-builder-column-1 fusion_builder_column_2_3 2_3 fusion-flex-column\" style=\"--awb-bg-size:cover;--awb-width-large:66.666666666667%;--awb-margin-top-large:0px;--awb-spacing-right-large:2.88%;--awb-margin-bottom-large:0px;--awb-spacing-left-large:2.88%;--awb-width-medium:66.666666666667%;--awb-order-medium:0;--awb-spacing-right-medium:2.88%;--awb-spacing-left-medium:2.88%;--awb-width-small:100%;--awb-order-small:0;--awb-spacing-right-small:1.92%;--awb-spacing-left-small:1.92%;\"><div class=\"fusion-column-wrapper fusion-column-has-shadow fusion-flex-justify-content-flex-start fusion-content-layout-column\"><div class=\"fusion-text fusion-text-1\" style=\"--awb-content-alignment:left;--awb-text-transform:none;--awb-text-color:#6fb636;\"><h3>Manuel P\u00e9rez Fern\u00e1ndez<\/h3>\n<p><em>Presidente del Congreso, del Real e Ilustre Colegio Oficial de Farmac\u00e9uticos de Sevilla y de la Fundaci\u00f3n Mehuer<\/em><\/p>\n<\/div><\/div><\/div><\/div><\/div><div class=\"fusion-fullwidth fullwidth-box fusion-builder-row-2 fusion-flex-container nonhundred-percent-fullwidth non-hundred-percent-height-scrolling\" style=\"--link_hover_color: var(--awb-color4);--awb-border-radius-top-left:0px;--awb-border-radius-top-right:0px;--awb-border-radius-bottom-right:0px;--awb-border-radius-bottom-left:0px;--awb-margin-bottom:40px;--awb-flex-wrap:wrap;\" id=\"presentacion\" ><div class=\"fusion-builder-row fusion-row fusion-flex-align-items-center fusion-flex-justify-content-center fusion-flex-content-wrap\" style=\"max-width:1248px;margin-left: calc(-4% \/ 2 );margin-right: calc(-4% \/ 2 );\"><div class=\"fusion-layout-column fusion_builder_column fusion-builder-column-2 fusion_builder_column_1_1 1_1 fusion-flex-column\" style=\"--awb-bg-size:cover;--awb-width-large:100%;--awb-margin-top-large:0px;--awb-spacing-right-large:1.92%;--awb-margin-bottom-large:20px;--awb-spacing-left-large:1.92%;--awb-width-medium:100%;--awb-order-medium:0;--awb-spacing-right-medium:1.92%;--awb-spacing-left-medium:1.92%;--awb-width-small:100%;--awb-order-small:0;--awb-spacing-right-small:1.92%;--awb-spacing-left-small:1.92%;\"><div class=\"fusion-column-wrapper fusion-column-has-shadow fusion-flex-justify-content-flex-start fusion-content-layout-column\"><div class=\"fusion-text fusion-text-2\" style=\"--awb-text-transform:none;--awb-text-font-family:&quot;Roboto&quot;;--awb-text-font-style:normal;--awb-text-font-weight:400;\"><p>Cuando <strong>en el a\u00f1o 2000<\/strong> organizamos <strong>la primera edici\u00f3n del Congreso Internacional de Medicamentos Hu\u00e9rfanos y Enfermedades Raras de Sevilla<\/strong>, nadie habr\u00eda acertado a vislumbrar qu\u00e9 nos deparar\u00eda el tiempo en el campo de salud, m\u00e1s si cabe en el \u00e1mbito de las patolog\u00edas de baja prevalencia. Es posible que muchos hubi\u00e9semos pronosticado un futuro con numerosos avances tecnol\u00f3gicos capaces de facilitar un diagn\u00f3stico y un tratamiento m\u00e1s precisos y en un plazo menor al deseado para los tres millones de personas que en Espa\u00f1a se ven afectadas por alguna de las cerca de 7.000 dolencias calificadas como enfermedades raras.<\/p>\n<p>Hace 20 a\u00f1os, nadie se podr\u00eda haber imaginado que hoy ser\u00edamos testigos de la mayor pandemia global en un siglo. Un aut\u00e9ntico rev\u00e9s del destino que ha hecho tambalear los cimientos de nuestro sistema sanitario, <strong>con el consiguiente perjuicio en la atenci\u00f3n de miles de millones de pacientes en todo el mundo<\/strong>, hecho que se magnifica en el caso de las personas que viven con una enfermedad rara, quienes por desgracia son considerados casi siempre los \u00faltimos en todo.<\/p>\n<p>En estas dos d\u00e9cadas transcurridas desde aquel primer congreso, <strong>es cierto que se han dado pasos significativos en divulgaci\u00f3n y sensibilizaci\u00f3n sobre estas patolog\u00edas<\/strong> y, especialmente, sobre la dura realidad a la que se enfrentan a diario las personas que las padecen y sus familiares.<\/p>\n<p>Las enfermedades raras ya no son una realidad desconocida, desde luego, pero <strong>s\u00ed queda a\u00fan mucho por hacer en el fomento de la investigaci\u00f3<\/strong>n. La necesidad y la urgencia generada por la pandemia de la <strong>COVID-19<\/strong> han propiciado una respuesta sin precedentes de la ciencia con el objetivo de hacer frente a este virus desconocido. Esta r\u00e1pida y contundente respuesta de la comunidad cient\u00edfica ha generado un poso de conocimiento que se habr\u00eda tardado a\u00f1os en conseguir, por lo que <strong>apelo a aprovechar toda esa experiencia acumulada<\/strong> para ofrecer a las personas afectadas por estas enfermedades la respuesta que merecen desde hace mucho.<\/p>\n<p>No podemos olvidar que, tan s\u00f3lo en Espa\u00f1a, a d\u00eda de hoy<strong> la mitad de las personas que conviven con una enfermedad rara ha sufrido un retraso en su diagn\u00f3stico<\/strong>, de ellas, el 20% ha tenido que esperar m\u00e1s de una d\u00e9cada y un porcentaje similar entre cuatro y nueve a\u00f1os. Una espera que impide recibir un tratamiento efectivo, al que s\u00f3lo tiene acceso el 34% del colectivo.<\/p>\n<p>Le invito a que el <strong>X Congreso Internacional de Medicamentos Hu\u00e9rfanos y Enfermedades Raras de Sevilla<\/strong>, que tendr\u00e1 lugar en <strong>abril de 2022<\/strong>, sea el marco propicia para que investigadores, representantes de las administraciones, profesionales sanitarios y pacientes pongamos en com\u00fan nuestros esfuerzos para dar de una vez ese paso decisivo que consiga sacar del furg\u00f3n de cola de las prioridades a estas patolog\u00edas y las personas que viven con ellas.<\/p>\n<\/div><\/div><\/div><\/div><\/div><\/p>\n","protected":false},"excerpt":{"rendered":"","protected":false},"author":45,"featured_media":67,"parent":0,"menu_order":0,"comment_status":"closed","ping_status":"closed","template":"","meta":{"footnotes":""},"class_list":["post-26","page","type-page","status-publish","has-post-thumbnail","hentry"],"_links":{"self":[{"href":"https:\/\/www.farmaceuticosdesevilla.es\/congreso\/wp-json\/wp\/v2\/pages\/26","targetHints":{"allow":["GET"]}}],"collection":[{"href":"https:\/\/www.farmaceuticosdesevilla.es\/congreso\/wp-json\/wp\/v2\/pages"}],"about":[{"href":"https:\/\/www.farmaceuticosdesevilla.es\/congreso\/wp-json\/wp\/v2\/types\/page"}],"author":[{"embeddable":true,"href":"https:\/\/www.farmaceuticosdesevilla.es\/congreso\/wp-json\/wp\/v2\/users\/45"}],"replies":[{"embeddable":true,"href":"https:\/\/www.farmaceuticosdesevilla.es\/congreso\/wp-json\/wp\/v2\/comments?post=26"}],"version-history":[{"count":5,"href":"https:\/\/www.farmaceuticosdesevilla.es\/congreso\/wp-json\/wp\/v2\/pages\/26\/revisions"}],"predecessor-version":[{"id":438,"href":"https:\/\/www.farmaceuticosdesevilla.es\/congreso\/wp-json\/wp\/v2\/pages\/26\/revisions\/438"}],"wp:featuredmedia":[{"embeddable":true,"href":"https:\/\/www.farmaceuticosdesevilla.es\/congreso\/wp-json\/wp\/v2\/media\/67"}],"wp:attachment":[{"href":"https:\/\/www.farmaceuticosdesevilla.es\/congreso\/wp-json\/wp\/v2\/media?parent=26"}],"curies":[{"name":"wp","href":"https:\/\/api.w.org\/{rel}","templated":true}]}}